{"id":28640,"date":"2017-02-16T09:16:27","date_gmt":"2017-02-16T08:16:27","guid":{"rendered":"http:\/\/mxajfmgl.preview.infomaniak.website\/?page_id=38"},"modified":"2022-03-07T13:50:03","modified_gmt":"2022-03-07T12:50:03","slug":"services","status":"publish","type":"page","link":"https:\/\/traderanalytic.ch\/fr\/services\/","title":{"rendered":"NOUS SOMMES"},"content":{"rendered":"<p><\/p>\n\n\n\n<p class=\"translation-block\">Nous d\u00e9veloppons et appliquons des strat\u00e9gies sp\u00e9culatives sur les march\u00e9s d\u00e9riv\u00e9s.<br>Nous fournissons des rapports quotidiens bas\u00e9s sur le profil et les volumes du march\u00e9.<br>Si vous \u00eates int\u00e9ress\u00e9 par des id\u00e9es de trading et des analyses coh\u00e9rentes, n'h\u00e9sitez pas \u00e0 <a href=\"https:\/\/traderanalytic.ch\/fr\/contact\/\" target=\"_self\">nous contacter<\/a>.<\/p>\n\n\n\n<p><\/p>\n\n\n\n<p><\/p>\n\n\n\n<p><\/p>","protected":false},"excerpt":{"rendered":"<p class=\"translation-block\">Nous d\u00e9veloppons et appliquons des strat\u00e9gies sp\u00e9culatives sur les march\u00e9s d\u00e9riv\u00e9s.<br>Nous fournissons des rapports quotidiens bas\u00e9s sur le profil et les volumes du march\u00e9.<br>Si vous \u00eates int\u00e9ress\u00e9 par des id\u00e9es de trading et des analyses coh\u00e9rentes, n'h\u00e9sitez pas \u00e0 <a href=\"https:\/\/traderanalytic.ch\/fr\/contact\/\" target=\"_self\">nous contacter<\/a>.<\/p>","protected":false},"author":1,"featured_media":0,"parent":0,"menu_order":0,"comment_status":"closed","ping_status":"closed","template":"","meta":{"footnotes":""},"class_list":["post-28640","page","type-page","status-publish","hentry"],"_links":{"self":[{"href":"https:\/\/traderanalytic.ch\/fr\/wp-json\/wp\/v2\/pages\/28640","targetHints":{"allow":["GET"]}}],"collection":[{"href":"https:\/\/traderanalytic.ch\/fr\/wp-json\/wp\/v2\/pages"}],"about":[{"href":"https:\/\/traderanalytic.ch\/fr\/wp-json\/wp\/v2\/types\/page"}],"author":[{"embeddable":true,"href":"https:\/\/traderanalytic.ch\/fr\/wp-json\/wp\/v2\/users\/1"}],"replies":[{"embeddable":true,"href":"https:\/\/traderanalytic.ch\/fr\/wp-json\/wp\/v2\/comments?post=28640"}],"version-history":[{"count":16,"href":"https:\/\/traderanalytic.ch\/fr\/wp-json\/wp\/v2\/pages\/28640\/revisions"}],"predecessor-version":[{"id":30016,"href":"https:\/\/traderanalytic.ch\/fr\/wp-json\/wp\/v2\/pages\/28640\/revisions\/30016"}],"wp:attachment":[{"href":"https:\/\/traderanalytic.ch\/fr\/wp-json\/wp\/v2\/media?parent=28640"}],"curies":[{"name":"wp","href":"https:\/\/api.w.org\/{rel}","templated":true}]}}